{"id":116,"date":"2012-10-23T19:24:47","date_gmt":"2012-10-23T16:24:47","guid":{"rendered":"https:\/\/www.giurgiuveanul.ro\/stiri\/?page_id=116"},"modified":"2024-08-05T09:32:15","modified_gmt":"2024-08-05T06:32:15","slug":"publicitate","status":"publish","type":"page","link":"https:\/\/www.giurgiuveanul.ro\/stiri\/publicitate\/","title":{"rendered":"PUBLICITATE"},"content":{"rendered":"<p style=\"text-align: justify;\"><strong>GIURGIUVEANUL<\/strong> ofer\u0103 servicii de mic\u0103 \u015fi mare publicitate, la pre\u0163uri flexibile. Clien\u0163ii permanen\u0163i ai ziarului beneficiaz\u0103 de premii de fidelitate \u015fi bonusuri. Departamentul de publicitate ofer\u0103 consultan\u0163\u0103 \u015fi sprijin \u00een realizarea campaniilor de publicitate, \u00een func\u0163ie de solicit\u0103rile existente. Departamentul de tehnoredactare computerizat\u0103 realizeaz\u0103 servicii de machetare, prelucrare \u00een variant\u0103 alb negru \u015fi color.<\/p>\n<p><strong>TIRAJUL<\/strong><\/p>\n<p>Tirajul ziarului este de 1.000 de exemplare\u00a0zilnic, de luni p\u00e2n\u0103 vineri <em>(inclusiv)<\/em>.<\/p>\n<p><span style=\"color: #ff0000;\"><strong>MARE PUBLICITATE<\/strong><\/span><\/p>\n<p><strong>POLICROMIE:<\/strong><\/p>\n<p>Pagina 1: <span style=\"color: #ff0000;\"><strong>1 leu \/<\/strong>\u00a0cuv\u00e2nt\u00a0+ TVA<\/span><\/p>\n<p>Pagina 8: <span style=\"color: #ff0000;\"><strong>1 leu<\/strong>\u00a0\/ cuv\u00e2nt\u00a0+ TVA<\/span><\/p>\n<p><strong><em>ALB NEGRU<\/em><\/strong><\/p>\n<p>Pagini de interior 2,3,4, 5, 6, 7: <span style=\"color: #ff0000;\"><strong>0,7 lei<\/strong>\u00a0\/ cuv\u00e2nt\u00a0+ TVA<\/span><\/p>\n<p><span style=\"color: #ff0000;\"><strong>MICA PUBLICITATE<\/strong><\/span><\/p>\n<p>Persoane juridice: <span style=\"color: #ff0000;\"><strong>0,7 lei <\/strong>\/ cuv\u00e2nt + TVA<\/span><\/p>\n<p>Persoane fizice: <span style=\"color: #ff0000;\"><strong>0,7 lei <\/strong>\/ cuv\u00e2nt + TVA<\/span><\/p>\n<p style=\"text-align: center;\">\u00a0adresa noastr\u0103 de e-mail: <span style=\"color: #ff0000;\"><strong>giurgiuveanul@yahoo.com\u00a0<\/strong><\/span><\/p>\n<p lang=\"ro-RO\" style=\"text-align: center;\" align=\"RIGHT\"><strong>DEPARTAMENT PUBLICITATE MARKETING\u00a0 <span style=\"color: #ff0000;\">0729.168.641<\/span><\/strong><\/p>\n<p lang=\"ro-RO\" style=\"text-align: center;\" align=\"RIGHT\">\n<p lang=\"ro-RO\" style=\"text-align: center;\" align=\"RIGHT\">\n","protected":false},"excerpt":{"rendered":"<p>GIURGIUVEANUL ofer\u0103 servicii de mic\u0103 \u015fi mare publicitate, la pre\u0163uri flexibile. Clien\u0163ii permanen\u0163i ai ziarului beneficiaz\u0103 de premii de fidelitate \u015fi bonusuri. Departamentul de publicitate ofer\u0103 consultan\u0163\u0103 \u015fi sprijin \u00een realizarea campaniilor de publicitate, \u00een func\u0163ie de solicit\u0103rile existente. Departamentul de tehnoredactare computerizat\u0103 realizeaz\u0103 servicii de machetare, prelucrare \u00een variant\u0103 alb negru \u015fi color. TIRAJUL [&hellip;]<\/p>\n","protected":false},"author":1,"featured_media":0,"parent":0,"menu_order":5,"comment_status":"open","ping_status":"closed","template":"","meta":{"footnotes":""},"class_list":["post-116","page","type-page","status-publish","hentry"],"_links":{"self":[{"href":"https:\/\/www.giurgiuveanul.ro\/stiri\/wp-json\/wp\/v2\/pages\/116","targetHints":{"allow":["GET"]}}],"collection":[{"href":"https:\/\/www.giurgiuveanul.ro\/stiri\/wp-json\/wp\/v2\/pages"}],"about":[{"href":"https:\/\/www.giurgiuveanul.ro\/stiri\/wp-json\/wp\/v2\/types\/page"}],"author":[{"embeddable":true,"href":"https:\/\/www.giurgiuveanul.ro\/stiri\/wp-json\/wp\/v2\/users\/1"}],"replies":[{"embeddable":true,"href":"https:\/\/www.giurgiuveanul.ro\/stiri\/wp-json\/wp\/v2\/comments?post=116"}],"version-history":[{"count":0,"href":"https:\/\/www.giurgiuveanul.ro\/stiri\/wp-json\/wp\/v2\/pages\/116\/revisions"}],"wp:attachment":[{"href":"https:\/\/www.giurgiuveanul.ro\/stiri\/wp-json\/wp\/v2\/media?parent=116"}],"curies":[{"name":"wp","href":"https:\/\/api.w.org\/{rel}","templated":true}]}}