{"id":66683,"date":"2020-01-30T23:41:30","date_gmt":"2020-01-30T21:41:30","guid":{"rendered":"https:\/\/www.giurgiuveanul.ro\/stiri\/?page_id=66683"},"modified":"2020-01-30T23:41:30","modified_gmt":"2020-01-30T21:41:30","slug":"politica-de-confidentialitate","status":"publish","type":"page","link":"https:\/\/www.giurgiuveanul.ro\/stiri\/politica-de-confidentialitate\/","title":{"rendered":"Politica de confiden\u021bialitate"},"content":{"rendered":"<h3><strong>Cine suntem<\/strong><\/h3>\n<p>Confiden\u021bialitatea datelor tale cu caracter personal este important\u0103 pentru noi. Acest angajament de respectare a confiden\u021bialit\u0103\u021bii \u00ee\u021bi explic\u0103 ce date cu caracter personal colecteaz\u0103 www.giurgiuveanul.ro de la tine, prin intermediul interac\u021biunilor noastre si modul in care utilizam datele respective.<\/p>\n<h3><strong>Ce sunt datele cu caracter personal?<\/strong><\/h3>\n<p>\u201eDatele personale\u201d sau \u201cdatele cu caracter personal\u201d sunt acele informa\u021bii unice individuale privind o persoana fizic\u0103 identificata sau identificabil\u0103 (\u201e<em><strong>persoana vizat\u0103<\/strong><\/em>\u201d), referitoare la nume, adresa, cod numeric personal, IP sau num\u0103r de telefon, date de localizare, un identificator online,\u00a0<strong>sau<\/strong>\u00a0la unul sau mai multe elemente specifice, proprii identit\u0103\u021bii fizice, fiziologice, genetice, psihice, economice, culturale sau sociale.<\/p>\n<p>De fiecare dat\u0103 c\u00e2nd solicit\u0103m datele tale personale o sa \u00ee\u021bi explicam scopul acestora. Bine\u00een\u021beles, te inform\u0103m ca oric\u00e2nd dore\u0219ti, \u00ee\u021bi punem la dispozi\u021bie informa\u021biile pe care le de\u021binem despre tine si bine\u00een\u021beles ca le vom \u0219terge daca ne solici\u021bi acest lucru.<\/p>\n<h3><strong>Ce date personale colect\u0103m si de ce le colect\u0103m?<\/strong><\/h3>\n<p>Colect\u0103m date cu caracter personal pentru a putea r\u0103spunde cu succes solicit\u0103rilor tale. Furnizezi unele din aceste date direct, de exemplu, atunci c\u00e2nd ne scrii un mesaj prin intermediul formularului de contact sau, indirect, date de identificare prin adresa ta IP. Noi nu folosim adresa ta IP pentru a te identifica, dar te inform\u0103m ca aceasta este stocat\u0103 in momentul in care accesezi website-ul nostru \u2013 in principal din motive de securitate.\u00a0<strong>Ai dreptul de a solicita \u0219tergerea IP-ului<\/strong>!<\/p>\n<p>In func\u021bie de interac\u021biunile pe care le ai cu website-ul nostru, datele cu caracter personal pe care le colectam sunt urm\u0103toarele:<\/p>\n<ul>\n<li><em>\u2013\u00a0<\/em>Nume si prenume \u2013 pentru identificare;<\/li>\n<li><em>\u2013\u00a0<\/em>Adresa de email \u2013 pentru comunicare;<\/li>\n<li><em>\u2013\u00a0<\/em>Num\u0103r de telefon \u2013 pentru comunicare;<\/li>\n<li>\u2013 Website \u2013 pentru afi\u0219are.<\/li>\n<\/ul>\n<p>Datele cu caracter personal solicitate in momentul transmiterii mesajului sunt folosite DOAR pentru a putea lua leg\u0103tura cu tine si a r\u0103spunde cererii tale. Ulterior pot fi solicitate si date prev\u0103zute de codul fiscal pentru facturarea produselor comandate.<\/p>\n<h3><strong>Date transmise involuntar, atunci c\u00e2nd interac\u021bionezi cu website-ul nostru:<\/strong><\/h3>\n<p><em>Adresa IP<\/em>\u00a0\u2013 Atunci c\u00e2nd vizitezi website-ul nostru, adresa IP este \u00eenregistrata. \u00cens\u0103 noi NU folosim adresa ta de IP pentru a te identifica sau pentru a fi folosita in alte scopuri.<\/p>\n<p><em>Sistemul de operare, browserul, activitatea de navigare si alte informa\u021bii despre modul in care ai interac\u021bionat cu website-ul<\/em>. Putem colecta aceste informa\u021bii prin folosirea cookies sau a altor tehnologii similare. Pentru detalii va rugam sa consulta\u021bi si\u00a0<a href=\"https:\/\/www.giurgiuveanul.ro\/stiri\/politica-privind-fisierele-cookies\/\"><em><strong>Politica privind fi\u0219ierele cookies<\/strong><\/em><\/a><\/p>\n<h3><strong>Care este temeiul legal pentru prelucrarea acestor date?<\/strong><\/h3>\n<p>Datele pe care ni le oferi voluntar (nume, prenume, telefon, adresa de email, website) \u2013 temeiul legal este diferit:<\/p>\n<ul>\n<li><em>\u2013 consim\u021b\u0103m\u00e2ntul t\u0103u<\/em>. (art. 6 alin. (1) lit a din Regulamentul (UE) 679\/2016) pentru activit\u0103\u021bile de marketing direct, transmiterea de newsletter, invita\u021bii la evenimente, etc<\/li>\n<li><em>\u2013\u00a0demersuri la cererea persoanei vizate \u00eenainte de \u00eencheierea unui contract sau pentru executarea unui contract<\/em>(art. 6 alin. (1) lit. b si c din Regulamentul (UE) 679\/2016) pentru achizi\u021bionarea serviciilor sau produselor noastre.<\/li>\n<\/ul>\n<p>Folosim datele pentru a-ti emite factura fiscala, daca este cazul.<\/p>\n<p>In privin\u021ba datelor pe care le colect\u0103m automat prin folosirea cookies sau a altor tehnologii similare, temeiul pentru prelucrare este consim\u021b\u0103m\u00e2ntul. Odat\u0103 cu accesarea website-ului, si selectarea op\u021biunii\u00a0<strong>Sunt de acord<\/strong>\u00a0<strong>si\/sau continuarea navig\u0103rii pe website-ul <\/strong>www.giurgiuveanul.ro\u00a0\u00ee\u021bi dai in mod valabil consim\u021b\u0103m\u00e2ntul asupra prelucr\u0103rii datelor cu caracter personal. Pentru detalii te rugam sa consulta\u021bi si\u00a0<a href=\"https:\/\/www.giurgiuveanul.ro\/stiri\/politica-privind-fisierele-cookies\/\"><em><strong>Politica privind fi\u0219ierele cookies<\/strong><\/em><\/a><\/p>\n<h3><strong>Care este scopul colect\u0103rii datelor si cum folosim informa\u021biile tale personale?<\/strong><\/h3>\n<p>Atunci c\u00e2nd ti se solicita sa furnizezi date cu caracter personal, ai dreptul sa refuzi.\u00a0<em><strong>Daca alegi sa nu furnizezi date care sunt necesare pentru a furniza un serviciu sau pentru a comunica cu noi, exista posibilitatea sa nu po\u021bi ob\u021bine informa\u021biile pe care le dore\u0219ti<\/strong><\/em>.<\/p>\n<p>Scopul prelucr\u0103rii datelor \u00eel reprezint\u0103:<\/p>\n<p>Scopurile \u00een care sunt prelucrate datele cu caracter personal de c\u0103tre www.giurgiuveanul.ro sunt urm\u0103toarele:<\/p>\n<ol>\n<li><u>Comunicare prin e-mail<\/u>. Putem folosi aceste informa\u021bii pe care ni le-a\u021bi oferit pentru a v\u0103 trimite comunic\u0103ri prin mesaje pe c\u0103su\u021ba po\u0219tal\u0103 electronic\u0103. Dac\u0103 v-a\u021bi \u00eenscris pentru unele dintre newsletterele noastre, v\u0103 vom trimite aceste inform\u0103ri pe adresa de mail comunicat\u0103. Temeiul juridic al prelucr\u0103rii este consim\u021b\u0103m\u00e2ntul dumneavoastr\u0103.<\/li>\n<li><u>Conturile de utilizator<\/u>. Site-ul nostru se dore\u0219te o comunitate. Din acest motiv v\u0103 recomand\u0103m s\u0103 v\u0103 crea\u021bi un profil de utilizator pe site \u0219i s\u0103 participa\u021bi la discu\u021bii. \u00a0 Aceast\u0103 prelucrare se bazeaz\u0103 pe executarea unui contract la care Utilizatorii sunt parte sau pe o obliga\u021bie legal\u0103 care ne este impus\u0103<\/li>\n<li><u>Analiz\u0103 statistic\u0103<\/u>. Avem interesul legitim de a \u00een\u021belege cum func\u021bioneaz\u0103 site-ul nostru, cum este citit \u0219i care ne este publicul. Pentru aceasta, agreg\u0103m datele din mai multe surse. Putem s\u0103 folosim aceste date pentru a \u00eembun\u0103t\u0103\u021bi anumite func\u021bionalit\u0103\u021bi, pentru a modifica sec\u021biunile sau pentru a v\u0103 oferi cele mai relevante informa\u021bii, \u00een cea mai bun\u0103 form\u0103 grafic\u0103 posibil\u0103.<\/li>\n<li><u>Control al comportamentului<\/u>. giurgiuveanul.ro este o comunitate a dezbaterii civilizate. Putem s\u0103 folosim datele dumneavoastr\u0103 personale pentru a \u00eempiedica orice activitate ilegal\u0103, interzis\u0103 pe site sau care lezeaz\u0103 activitatea celorlal\u021bi pe site.<\/li>\n<\/ol>\n<p>De asemenea, putem prelucra datele dumneavoastr\u0103 cu caracter personal, precum datele de identificare, datele de contact, \u00een scopul posibilei exercit\u0103ri a drepturilor sau a reclama\u021biilor noastre \u00eempotriva dumneavoastr\u0103 \u00een viitor. Aceast\u0103 prelucrare se bazeaz\u0103 pe interesul nostru legitim, fiind necesar s\u0103 ne exercit\u0103m drepturile \u00een cazul unor eventuale litigii.<\/p>\n<table width=\"696\">\n<tbody>\n<tr>\n<td><strong>Cum folosim informa\u021biile despre telefonul, laptopul sau tableta ta si despre cum folose\u0219ti website-ul<\/strong><\/td>\n<td><strong>De ce?<\/strong><\/td>\n<\/tr>\n<tr>\n<td>\u00cembun\u0103t\u0103\u021bim experien\u021ba ta pe website, oferindu-\u021bi versiunea cel mai bine adaptata dispozitivului tau.<\/td>\n<td>Oferirea celei mai bune experien\u021be de navigare pe website.<\/td>\n<\/tr>\n<tr>\n<td>Protejam website-ul.<\/td>\n<td>Pentru a preveni si a detecta fraudele \u00eempotriva ta sau a website-ului nostru. Pentru a putea asigura confiden\u021bialitatea datelor.<\/td>\n<\/tr>\n<\/tbody>\n<\/table>\n<p>&nbsp;<\/p>\n<p>Nu e\u0219ti obligat sa ne oferi niciuna din informa\u021biile de mai sus, \u00eens\u0103 daca nu faci asta, s-ar putea sa nu ai posibilitatea de a te bucura de deplina experien\u021ba de navigare pe website-ul nostru.<\/p>\n<h3><strong>Perioada de reten\u021bie a datelor<\/strong><\/h3>\n<p>Stocam datele cu caracter personal doar pe perioada necesara \u00eendeplinirii scopurilor, dar numai pana la momentul in care hot\u0103r\u0103\u0219ti sa \u00ee\u021bi dezactivezi contul de utilizator.<\/p>\n<h3><strong>Cui transferam date cu caracter personal?<\/strong><\/h3>\n<p>Nu vom dezv\u0103lui informa\u021biile tale c\u0103tre ter\u021be par\u021bi, pentru a fi utilizate in propriile scopuri de marketing sau comerciale ale acestora, f\u0103r\u0103 consim\u021b\u0103m\u00e2ntul t\u0103u.<\/p>\n<p>Totu\u0219i, este posibil sa dezvaluim informa\u021biile tale c\u0103tre urm\u0103toarele entit\u0103\u021bi:<\/p>\n<p><strong>Furnizori de servicii<\/strong>. Putem dezv\u0103lui informa\u021biile tale altor companii care ne furnizeaz\u0103 servicii si actioneaza in calitate de persoane \u00eemputernicite, cum ar fi companiile care ne ajuta pentru facturare, companiilor care se ocupa de mentenan\u021ba website-ului sau care trimit e-mailuri in numele nostru.<\/p>\n<p>Aceste entit\u0103\u021bi sunt selectate cu o grija deosebita pentru a ne asigura ca \u00eendeplinesc cerin\u021bele specifice in materie de protec\u021bie a datelor cu caracter personal. Aceste entit\u0103\u021bi au o capacitate limitata de a utiliza informa\u021biile tale in alte scopuri dec\u00e2t cel de a ne furniza servicii.<\/p>\n<p>Informa\u021biile oferite de tine, ce con\u021bin date de identificare pot fi folosite in comunic\u0103ri comerciale sau r\u0103spunsuri la solicit\u0103rile trimise de tine, iar in cazul unor solicit\u0103ri legitime, vor fi transmise c\u0103tre autorit\u0103\u021bile statului sau altor par\u021bi cu consim\u021b\u0103m\u00e2ntul sau la instruc\u021biunile tale.<\/p>\n<p>In afara dezv\u0103luirilor descrise in prezenta\u00a0<em>Politica de confiden\u021bialitate<\/em>, este posibil sa transmitem informa\u021bii ter\u021bilor c\u0103rora consim\u021bi sau solici\u021bi sa efectuam o asemenea dezv\u0103luire.<\/p>\n<h3><strong>Ce drepturi ai ca persoana vizata?<\/strong><\/h3>\n<p>Protec\u021bia persoanelor fizice \u00een ceea ce prive\u0219te prelucrarea datelor cu caracter personal este un drept fundamental. Articolul 8 alineatul (1) din Carta drepturilor fundamentale a Uniunii Europene (\u201ecarta\u201d) \u0219i articolul 16 alineatul (1) din Tratatul privind func\u021bionarea Uniunii Europene (TFUE) prev\u0103d dreptul oric\u0103rei persoane la protec\u021bia datelor cu caracter personal.<\/p>\n<p>Drepturile persoanelor vizate privind protec\u021bia persoanelor cu privire la prelucrarea datelor cu caracter personal si libera circula\u021bie a acestor date: dreptul la informare si acces; dreptul de interven\u021bie asupra datelor; dreptul la rectificare; dreptul la \u0219tergerea datelor; dreptul la restric\u021bionarea prelucr\u0103rii; dreptul la portabilitatea datelor; dreptul de opozi\u021bie si procesul decizional individual automatizat, inclusiv crearea de profiluri; dreptul de a depune o pl\u00e2ngere \u00een fa\u021ba autorit\u0103\u021bii de supraveghere (www.dataprotection.ro).<\/p>\n<h3><strong>Contact<\/strong><\/h3>\n<p>Daca ai nevoie de orice informa\u021bii legate de website-ul, produsele sau serviciile GIURGIUVEANUL ne po\u021bi contacta la adresa de e-mail: giurgiuveanul@yahoo.com<\/p>\n<p><strong>Daca:<\/strong><\/p>\n<p>\u2013 vrei sa afli mai multe detalii despre informa\u021biile din aceasta pagina,<\/p>\n<p>\u2013 vrei sa nu mai folosim informa\u021biile pe care le avem despre tine,<\/p>\n<p>\u2013 vrei sa \u00ee\u021bi exerci\u021bi oricare din drepturile enumerate mai sus,<\/p>\n<p>\u2013 sau daca ai o pl\u00e2ngere la adresa noastr\u0103.<\/p>\n<p>Te rugam sa ne scrii la adresa de email giurgiuveanul@yahoo.com.<\/p>\n","protected":false},"excerpt":{"rendered":"<p>Cine suntem Confiden\u021bialitatea datelor tale cu caracter personal este important\u0103 pentru noi. Acest angajament de respectare a confiden\u021bialit\u0103\u021bii \u00ee\u021bi explic\u0103 ce date cu caracter personal colecteaz\u0103 www.giurgiuveanul.ro de la tine, prin intermediul interac\u021biunilor noastre si modul in care utilizam datele respective. Ce sunt datele cu caracter personal? \u201eDatele personale\u201d sau \u201cdatele cu caracter personal\u201d sunt [&hellip;]<\/p>\n","protected":false},"author":1,"featured_media":0,"parent":0,"menu_order":0,"comment_status":"closed","ping_status":"closed","template":"","meta":{"footnotes":""},"class_list":["post-66683","page","type-page","status-publish","hentry"],"_links":{"self":[{"href":"https:\/\/www.giurgiuveanul.ro\/stiri\/wp-json\/wp\/v2\/pages\/66683","targetHints":{"allow":["GET"]}}],"collection":[{"href":"https:\/\/www.giurgiuveanul.ro\/stiri\/wp-json\/wp\/v2\/pages"}],"about":[{"href":"https:\/\/www.giurgiuveanul.ro\/stiri\/wp-json\/wp\/v2\/types\/page"}],"author":[{"embeddable":true,"href":"https:\/\/www.giurgiuveanul.ro\/stiri\/wp-json\/wp\/v2\/users\/1"}],"replies":[{"embeddable":true,"href":"https:\/\/www.giurgiuveanul.ro\/stiri\/wp-json\/wp\/v2\/comments?post=66683"}],"version-history":[{"count":0,"href":"https:\/\/www.giurgiuveanul.ro\/stiri\/wp-json\/wp\/v2\/pages\/66683\/revisions"}],"wp:attachment":[{"href":"https:\/\/www.giurgiuveanul.ro\/stiri\/wp-json\/wp\/v2\/media?parent=66683"}],"curies":[{"name":"wp","href":"https:\/\/api.w.org\/{rel}","templated":true}]}}