{"id":66685,"date":"2020-01-30T23:43:17","date_gmt":"2020-01-30T21:43:17","guid":{"rendered":"https:\/\/www.giurgiuveanul.ro\/stiri\/?page_id=66685"},"modified":"2020-01-30T23:44:30","modified_gmt":"2020-01-30T21:44:30","slug":"termeni-si-conditii","status":"publish","type":"page","link":"https:\/\/www.giurgiuveanul.ro\/stiri\/termeni-si-conditii\/","title":{"rendered":"Termeni \u015fi condi\u0163ii"},"content":{"rendered":"<p style=\"line-height: 19.5pt; background: white; margin: 0cm 0cm 19.5pt 0cm;\"><strong><span lang=\"RO\" style=\"font-size: 11.5pt; font-family: 'Verdana',sans-serif; color: #222222;\">Bine a\u021bi venit pe site-ul \u201ewww.giurgiuveanul.ro\u201c. V\u0103 recomand\u0103m s\u0103 citi\u021bi termenii \u0219i condi\u021biile \u00eenainte de a utiliza site-ul \u015fi de a comenta. Continu\u00e2nd pe site-ul nostru sunte\u021bi responsabili de respectarea acestor termeni \u0219i condi\u021bii. Ne rezerv\u0103m dreptul de a schimba termenii \u0219i condi\u021biile \u00een viitor. Noi func\u021bionalit\u0103\u021bi, op\u021biuni \u0219i sec\u021biuni vor fi ad\u0103ugate de c\u0103tre noi respect\u00e2nd termenii \u0219i condi\u021biile. Versiunea actualizat\u0103 a Termenilor \u0219i Condi\u021biilor poate fi vizualizat\u0103 mereu la aceast\u0103 adres\u0103.<\/span><\/strong><\/p>\n<p style=\"line-height: 19.5pt; background: white; margin: 0cm 0cm 19.5pt 0cm;\"><strong><span lang=\"RO\" style=\"font-size: 11.5pt; font-family: 'Verdana',sans-serif; color: #222222;\">Obliga\u021biile membrilor \u201ewww.giurgiuveanul.ro\u201c<\/span><\/strong><\/p>\n<p style=\"line-height: 19.5pt; background: white; margin: 0cm 0cm 19.5pt 0cm;\"><span lang=\"RO\" style=\"font-size: 11.5pt; font-family: 'Verdana',sans-serif; color: #222222;\">Nu ave\u021bi voie s\u0103 distribui\u021bi sau s\u0103 promova\u021bi orice material def\u0103im\u0103tor, obscen, pornografic, abuziv sau \u00een toate condi\u021biile ilegal. Fi\u021bi decen\u021bi \u0219i bine crescu\u0163i. Citind \u015fi accept\u00e2nd ace\u015fti \u201eTermeni \u015fi Condi\u0163ii\u201c v\u0103 lua\u0163i angajamentul c\u0103 nu ve\u0163i amenin\u0163a sau abuza verbal al\u0163i membri ai site-ului, nu ve\u0163i folosi limbaj defaimator \u015fi nu ve\u0163i deranja discu\u0163iile prin mesaje repetitive, mesaje f\u0103r\u0103 rost (\u201eoff topic\u201c) sau mesaje de tip spam. Orice astfel de comportament va fi sanc\u0163ionat prin \u015ftergerea comentariului.<\/span><\/p>\n<p style=\"line-height: 19.5pt; background: white; margin: 0cm 0cm 19.5pt 0cm;\"><span lang=\"RO\" style=\"font-size: 11.5pt; font-family: 'Verdana',sans-serif; color: #222222;\">Folosi\u0163i un limbaj respectuos. V\u0103 recomand\u0103m s\u0103 nu folosi\u0163i limbaj care discrimineaz\u0103 pe baz\u0103 de religie, na\u0163ionalitate, gen, preferin\u0163e sexuale, v\u00e2rst\u0103, regiune, etnie sau handicap.<\/span><\/p>\n<p style=\"line-height: 19.5pt; background: white; margin: 0cm 0cm 19.5pt 0cm;\"><span lang=\"RO\" style=\"font-size: 11.5pt; font-family: 'Verdana',sans-serif; color: #222222;\">Dezbate\u0163i, nu ataca\u0163i. \u00centr-o comunitate care se va baza pe opinii, preferin\u0163e \u015fi discu\u0163ii, este normal s\u0103 existe dezacorduri. V\u0103 \u00eencurajeaz\u0103 s\u0103 discuta\u0163i liber, activ, incisiv, dar s\u0103 nu ataca\u0163i f\u0103r\u0103 motiv sau f\u0103r\u0103 argumente.<\/span><\/p>\n<p style=\"line-height: 19.5pt; background: white; margin: 0cm 0cm 19.5pt 0cm;\"><strong><span lang=\"RO\" style=\"font-size: 11.5pt; font-family: 'Verdana',sans-serif; color: #222222;\">Responsabilitatea membrilor comunit\u0103\u0163ii \u201ewww.giurgiuveanul.ro\u201c<\/span><\/strong><\/p>\n<p style=\"line-height: 19.5pt; background: white; margin: 0cm 0cm 19.5pt 0cm;\"><span lang=\"RO\" style=\"font-size: 11.5pt; font-family: 'Verdana',sans-serif; color: #222222;\">Sunte\u0163i responsabili pentru comentariile postate pe site-ul nostru \u015fi pentru consecin\u0163ele public\u0103rii acestora. De asemenea, orice leg\u0103tur\u0103 extern\u0103 sau orice con\u0163inut care v\u0103 apar\u0163ine (user-generated content) trebuie s\u0103 se supun\u0103 unor reguli. Orice persoan\u0103 care ne trimite anumite materiale (fotografii, filmule\u0163e, declara\u0163ii \u015fi pove\u015fti de la un eveniment) garanteaz\u0103 faptul c\u0103 de\u0163ine drepturile de folosire ale acelui material. \u201eGiurgiuveanul\u201c este scutit\u0103 de responsabilitate \u00een cazul \u00een care aceste materiale nu respect\u0103 drepturile de autor ale celor de drept.<\/span><\/p>\n<p style=\"line-height: 19.5pt; background: white; margin: 0cm 0cm 19.5pt 0cm;\"><span lang=\"RO\" style=\"font-size: 11.5pt; font-family: 'Verdana',sans-serif; color: #222222;\">Orice utilizator al site-ului este responsabil pentru publicarea unor materiale ilegale, pornografice sau discriminatorii \u015fi \u00ee\u015fi asum\u0103 responsabilitatea asupra lor. \u201ewww.giurgiuveanul.ro \u201c nu va accepta asemenea materiale sau comentarii pe site, iar utilizatorii \u00ee\u015fi pot pierde dreptul de a fi membri dac\u0103 trimit sau posteaz\u0103 astfel de materiale.<\/span><\/p>\n<p style=\"line-height: 19.5pt; background: white; margin: 0cm 0cm 19.5pt 0cm;\"><strong><span lang=\"RO\" style=\"font-size: 11.5pt; font-family: 'Verdana',sans-serif; color: #222222;\">Responsabilitatea \u201ewww.giurgiuveanul.ro\u201c \u00een fa\u0163a comunit\u0103\u0163ii<\/span><\/strong><\/p>\n<p style=\"line-height: 19.5pt; background: white; margin: 0cm 0cm 19.5pt 0cm;\"><span lang=\"RO\" style=\"font-size: 11.5pt; font-family: 'Verdana',sans-serif; color: #222222;\">\u201ewww.giurgiuveanul.ro\u201c se asigur\u0103 c\u0103 dezbaterea de pe site este \u00een limitele legii \u015fi ale unei comunit\u0103\u0163i pl\u0103cute, care s\u0103 mul\u0163umeasc\u0103 utilizatorii.<\/span><\/p>\n<p style=\"line-height: 19.5pt; background: white; margin: 0cm 0cm 19.5pt 0cm;\"><span lang=\"RO\" style=\"font-size: 11.5pt; font-family: 'Verdana',sans-serif; color: #222222;\">Dac\u0103 cititorii sau orice alt vizitator al site-ului observ\u0103 un material care nu respect\u0103 drepturile de autor sau regulile de citare, poate raporta acest lucru. V\u0103 asigur\u0103m c\u0103 vom lua m\u0103suri pentru rezolvarea unor astfel de situa\u0163ii.<br \/>\n\u201ewww.giurgiuveanul.ro\u201c nu r\u0103spunde juridic de problemele cauzate de c\u0103tre un utilizator al site-ului altui membru. Cu toate acestea, \u201ewww.giurgiuveanul.ro\u201c se va asigura c\u0103 pl\u00e2ngerile unui membru vor fi luate \u00een considerare \u015fi dac\u0103 situa\u0163ia o va cere, va lua toate m\u0103surile pentru ca situa\u0163ia s\u0103 fie rezolvat\u0103. Nu r\u0103spundem de faptul c\u0103 un membru nu va respecta termenii \u015fi condi\u0163iile site-ului, dar ne vom asigura ca aceast\u0103 abatere s\u0103 fie sanc\u0163ionat\u0103 \u015fi rezolvat\u0103.<br \/>\nFolosirea site-ului \u201ewww.giurgiuveanul.ro\u201c este gratuit\u0103, iar acest lucru influen\u0163eaz\u0103 \u015fi responsabilitatea noastr\u0103 \u00een fa\u0163a unor situa\u0163ii. \u201ewww.giurgiuveanul.ro\u201c nu este responsabil pentru orice pierdere, financiar\u0103 sau de alt\u0103 natur\u0103, venit\u0103 \u00een urma influen\u0163ei unor materiale publicate pe site-ul nostru sau din cauza unor opinii citite pe site-ul nostru. Suntem o platform\u0103 web, nu o institu\u0163ie public\u0103. \u201ewww.giurgiuveanul.ro\u201c se va asigura ca \u00een cadrul articolelor scrise pe site nu se vor strecura gre\u015feli, iar dac\u0103 acestea vor exista, ne vom asigura ca acestea s\u0103 nu fi fost inten\u0163ionate, ci erori.<\/span><\/p>\n<p style=\"line-height: 19.5pt; background: white; margin: 0cm 0cm 19.5pt 0cm;\"><strong><span lang=\"RO\" style=\"font-size: 11.5pt; font-family: 'Verdana',sans-serif; color: #222222;\">Drepturi de autor, marc\u0103 \u015fi proprietate intelectual\u0103<\/span><\/strong><\/p>\n<p style=\"line-height: 19.5pt; background: white; margin: 0cm 0cm 19.5pt 0cm;\"><span lang=\"RO\" style=\"font-size: 11.5pt; font-family: 'Verdana',sans-serif; color: #222222;\">Site-ul \u201ewww.giurgiuveanul.ro\u201c permite vizualizarea, imprimarea \u015fi folosirea informa\u0163iilor de pe site \u00een scopuri personale \u015fi noncomerciale.<\/span><\/p>\n<p style=\"line-height: 19.5pt; background: white; margin: 0cm 0cm 19.5pt 0cm;\"><span lang=\"RO\" style=\"font-size: 11.5pt; font-family: 'Verdana',sans-serif; color: #222222;\">Dreptul de autor pentru unele informa\u0163ii de pe site este de\u0163inut de \u201ewww.giurgiuveanul.ro\u201c. Materialele de pe site nu pot fi reproduse integral f\u0103r\u0103 permisiunea anterioar\u0103 explicit\u0103 a \u201ewww.giurgiuveanul.ro\u201c. Con\u0163inutul site-ului, prin tot ce reprezint\u0103 el (text, fotografii, grafic\u0103, software sau logo), este protejat de legea dreptului de autor. Con\u0163inutul partenerilor no\u015ftri este supus acelora\u015fi reglement\u0103ri. \u201ewww.giurgiuveanul.ro\u201c poate furniza \u00een materiale leg\u0103turi (link-uri) c\u0103tre alte site-uri de internet. Ne vom asigura de autenticitatea informa\u0163iilor publicate, dar nu r\u0103spundem \u015fi nu suntem pasibili de desp\u0103gubiri pentru anumite informa\u0163ii publicate pe un alt site web sau pentru declara\u0163iile unor ter\u0163i, citate conform regulilor.<\/span><\/p>\n<p style=\"line-height: 19.5pt; background: white; margin: 0cm 0cm 19.5pt 0cm;\"><strong><span lang=\"RO\" style=\"font-size: 11.5pt; font-family: 'Verdana',sans-serif; color: #222222;\">Dispozi\u021bii finale<\/span><\/strong><\/p>\n<p style=\"line-height: 19.5pt; background: white; margin: 0cm 0cm 19.5pt 0cm;\"><span lang=\"RO\" style=\"font-size: 11.5pt; font-family: 'Verdana',sans-serif; color: #222222;\">Site-ul nostru este disponibil \u201ea\u015fa cum este\u201c. Nu garant\u0103m c\u0103 site-ul nostru va func\u0163iona ne\u00eentrerupt sau f\u0103r\u0103 eroare, dar ne vom asigura ca acest lucru s\u0103 se \u00eent\u00e2mple c\u00e2t mai rar. Pot fi \u00eent\u00e2rzieri, omisiuni, \u00eentreruperi sau informa\u0163ii lipsite de acurate\u0163e. Nu garant\u0103m adev\u0103rul absolut, ci vom face tot posibilul ca informa\u0163iile prezentate s\u0103 fie corecte, iar dac\u0103 afl\u0103m c\u0103 acestea sunt eronate, vom corecta \u015fi vom men\u0163iona gre\u015feala.<\/span><\/p>\n<p style=\"line-height: 19.5pt; background: white; margin: 0cm 0cm 19.5pt 0cm;\"><span lang=\"RO\" style=\"font-size: 11.5pt; font-family: 'Verdana',sans-serif; color: #222222;\">Site-ul \u201ewww.giurgiuveanul.ro\u201c este o platform\u0103 de \u015ftiri \u015fi opinii. Nu este o enciclopedie \u015fi nu trebuie folosit ca atare. Orice informa\u0163ie citit\u0103 pe platforma noastr\u0103 trebuie verificat\u0103 \u00eentr-o surs\u0103 original\u0103. Din acest motiv, toate informa\u0163iile privind cotele de pia\u0163\u0103, predic\u0163ii economice sau sfaturi practice, trebuie verificate \u00eentr-o alt\u0103 surs\u0103 pentru autentificarea informa\u0163iilor noastre. Ne vom asigura c\u0103 ceea ce public\u0103m este corect, dar nu recomand\u0103m nim\u0103nui s\u0103 se bazeze pe o singur\u0103 surs\u0103.<\/span><\/p>\n<p style=\"line-height: 19.5pt; background: white; margin: 0cm 0cm 19.5pt 0cm;\"><strong><span lang=\"RO\" style=\"font-size: 11.5pt; font-family: 'Verdana',sans-serif; color: #222222;\">Informa\u0163ii legale<\/span><\/strong><\/p>\n<p style=\"line-height: 19.5pt; background: white; margin: 0cm 0cm 19.5pt 0cm;\"><span lang=\"RO\" style=\"font-size: 11.5pt; font-family: 'Verdana',sans-serif; color: #222222;\">Con\u0163inutul acestui site (descrieri, caracteristici, imagini, pre\u0163uri, forma de prezentare etc.) nu poate fi reprodus sau utilizat f\u0103r\u0103 acordul \u00een scris al proprietarului acestui site.<\/span><\/p>\n","protected":false},"excerpt":{"rendered":"<p>Bine a\u021bi venit pe site-ul \u201ewww.giurgiuveanul.ro\u201c. V\u0103 recomand\u0103m s\u0103 citi\u021bi termenii \u0219i condi\u021biile \u00eenainte de a utiliza site-ul \u015fi de a comenta. Continu\u00e2nd pe site-ul nostru sunte\u021bi responsabili de respectarea acestor termeni \u0219i condi\u021bii. Ne rezerv\u0103m dreptul de a schimba termenii \u0219i condi\u021biile \u00een viitor. Noi func\u021bionalit\u0103\u021bi, op\u021biuni \u0219i sec\u021biuni vor fi ad\u0103ugate de c\u0103tre [&hellip;]<\/p>\n","protected":false},"author":1,"featured_media":0,"parent":0,"menu_order":0,"comment_status":"closed","ping_status":"closed","template":"","meta":{"footnotes":""},"class_list":["post-66685","page","type-page","status-publish","hentry"],"_links":{"self":[{"href":"https:\/\/www.giurgiuveanul.ro\/stiri\/wp-json\/wp\/v2\/pages\/66685","targetHints":{"allow":["GET"]}}],"collection":[{"href":"https:\/\/www.giurgiuveanul.ro\/stiri\/wp-json\/wp\/v2\/pages"}],"about":[{"href":"https:\/\/www.giurgiuveanul.ro\/stiri\/wp-json\/wp\/v2\/types\/page"}],"author":[{"embeddable":true,"href":"https:\/\/www.giurgiuveanul.ro\/stiri\/wp-json\/wp\/v2\/users\/1"}],"replies":[{"embeddable":true,"href":"https:\/\/www.giurgiuveanul.ro\/stiri\/wp-json\/wp\/v2\/comments?post=66685"}],"version-history":[{"count":0,"href":"https:\/\/www.giurgiuveanul.ro\/stiri\/wp-json\/wp\/v2\/pages\/66685\/revisions"}],"wp:attachment":[{"href":"https:\/\/www.giurgiuveanul.ro\/stiri\/wp-json\/wp\/v2\/media?parent=66685"}],"curies":[{"name":"wp","href":"https:\/\/api.w.org\/{rel}","templated":true}]}}